{"id":6,"date":"2024-02-18T04:40:56","date_gmt":"2024-02-18T03:40:56","guid":{"rendered":"http:\/\/zenapprendre.com\/?page_id=6"},"modified":"2024-02-18T10:04:37","modified_gmt":"2024-02-18T07:04:37","slug":"le-nouveau-e-mucem-ouvre-ses-portes-2","status":"publish","type":"page","link":"https:\/\/zenapprendre.com\/","title":{"rendered":"Site en construction"},"content":{"rendered":"\n<div class=\"wp-block-group alignwide\"><div class=\"wp-block-group__inner-container is-layout-flow wp-block-group-is-layout-flow\">\n<h2 class=\"wp-block-heading has-text-align-center\">Retrouver bient\u00f4t ici la pr\u00e9sentation des activit\u00e9s de Zen Apprendre.<\/h2>\n\n\n\n<h2 class=\"wp-block-heading has-text-align-center\">Pour nous contacter, vous pouvez nous contacter par mail ou par les r\u00e9seaux (Facebook, Instagram) !<\/h2>\n<\/div><\/div>\n\n\n\n<p><\/p>\n\n\n\n<p><\/p>\n","protected":false},"excerpt":{"rendered":"<p>Retrouver bient\u00f4t ici la pr\u00e9sentation des activit\u00e9s de Zen Apprendre. Pour nous contacter, vous pouvez nous contacter par mail ou par les r\u00e9seaux (Facebook, Instagram) !<\/p>\n","protected":false},"author":1,"featured_media":31,"parent":0,"menu_order":0,"comment_status":"closed","ping_status":"closed","template":"","meta":{"footnotes":""},"class_list":["post-6","page","type-page","status-publish","has-post-thumbnail","hentry"],"_links":{"self":[{"href":"https:\/\/zenapprendre.com\/index.php\/wp-json\/wp\/v2\/pages\/6","targetHints":{"allow":["GET"]}}],"collection":[{"href":"https:\/\/zenapprendre.com\/index.php\/wp-json\/wp\/v2\/pages"}],"about":[{"href":"https:\/\/zenapprendre.com\/index.php\/wp-json\/wp\/v2\/types\/page"}],"author":[{"embeddable":true,"href":"https:\/\/zenapprendre.com\/index.php\/wp-json\/wp\/v2\/users\/1"}],"replies":[{"embeddable":true,"href":"https:\/\/zenapprendre.com\/index.php\/wp-json\/wp\/v2\/comments?post=6"}],"version-history":[{"count":2,"href":"https:\/\/zenapprendre.com\/index.php\/wp-json\/wp\/v2\/pages\/6\/revisions"}],"predecessor-version":[{"id":35,"href":"https:\/\/zenapprendre.com\/index.php\/wp-json\/wp\/v2\/pages\/6\/revisions\/35"}],"wp:featuredmedia":[{"embeddable":true,"href":"https:\/\/zenapprendre.com\/index.php\/wp-json\/wp\/v2\/media\/31"}],"wp:attachment":[{"href":"https:\/\/zenapprendre.com\/index.php\/wp-json\/wp\/v2\/media?parent=6"}],"curies":[{"name":"wp","href":"https:\/\/api.w.org\/{rel}","templated":true}]}}